{"id":92,"date":"2024-02-28T14:54:10","date_gmt":"2024-02-28T13:54:10","guid":{"rendered":"https:\/\/renelum.com\/?page_id=92"},"modified":"2024-02-28T16:02:03","modified_gmt":"2024-02-28T15:02:03","slug":"mentions-legales","status":"publish","type":"page","link":"https:\/\/renelum.com\/index.php\/mentions-legales\/","title":{"rendered":"Mentions l\u00e9gales"},"content":{"rendered":"\n<h3 class=\"wp-block-heading\">Propri\u00e9taire et responsable publication<\/h3>\n\n\n\n<p>RENE by Connectiled<br>14 rue Edouard Branly, 37550 Saint-Avertin<br>T\u00e9l\u00e9phone : 02 46 65 56 66<br><a href=\"http:\/\/renelum.com\">www.renelum.com<\/a><\/p>\n\n\n\n<h3 class=\"wp-block-heading\">Cr\u00e9ation graphique et d\u00e9veloppement<\/h3>\n\n\n\n<p>Prisma Communication<br>Si\u00e8ge social : 14 rue Edouard Branly, 37550 Saint-Avertin<br>T\u00e9l\u00e9phone : 02 46 65 5<br><a href=\"https:\/\/www.prisma-com.fr\">www.prisma-com.fr<\/a><\/p>\n\n\n\n<h3 class=\"wp-block-heading\">H\u00e9bergement et nom de domaine<\/h3>\n\n\n\n<p>OVH<\/p>\n\n\n\n<p>ROUBAIX<\/p>\n","protected":false},"excerpt":{"rendered":"<p>Propri\u00e9taire et responsable publication RENE by Connectiled14 rue Edouard Branly, 37550 Saint-AvertinT\u00e9l\u00e9phone : 02 46 65 56 66www.renelum.com Cr\u00e9ation graphique et d\u00e9veloppement Prisma CommunicationSi\u00e8ge social : 14 rue Edouard Branly, 37550 Saint-AvertinT\u00e9l\u00e9phone : 02 46 65 5www.prisma-com.fr H\u00e9bergement et nom de domaine OVH ROUBAIX<\/p>\n","protected":false},"author":1,"featured_media":0,"parent":0,"menu_order":0,"comment_status":"closed","ping_status":"closed","template":"","meta":{"_et_pb_use_builder":"off","_et_pb_old_content":"","_et_gb_content_width":"1080","footnotes":""},"class_list":["post-92","page","type-page","status-publish","hentry"],"_links":{"self":[{"href":"https:\/\/renelum.com\/index.php\/wp-json\/wp\/v2\/pages\/92","targetHints":{"allow":["GET"]}}],"collection":[{"href":"https:\/\/renelum.com\/index.php\/wp-json\/wp\/v2\/pages"}],"about":[{"href":"https:\/\/renelum.com\/index.php\/wp-json\/wp\/v2\/types\/page"}],"author":[{"embeddable":true,"href":"https:\/\/renelum.com\/index.php\/wp-json\/wp\/v2\/users\/1"}],"replies":[{"embeddable":true,"href":"https:\/\/renelum.com\/index.php\/wp-json\/wp\/v2\/comments?post=92"}],"version-history":[{"count":3,"href":"https:\/\/renelum.com\/index.php\/wp-json\/wp\/v2\/pages\/92\/revisions"}],"predecessor-version":[{"id":119,"href":"https:\/\/renelum.com\/index.php\/wp-json\/wp\/v2\/pages\/92\/revisions\/119"}],"wp:attachment":[{"href":"https:\/\/renelum.com\/index.php\/wp-json\/wp\/v2\/media?parent=92"}],"curies":[{"name":"wp","href":"https:\/\/api.w.org\/{rel}","templated":true}]}}